{"id":63,"date":"2016-02-12T07:43:12","date_gmt":"2016-02-12T07:43:12","guid":{"rendered":"http:\/\/medecinesdouces.cidfrance.fr\/?page_id=63"},"modified":"2016-03-16T12:15:03","modified_gmt":"2016-03-16T12:15:03","slug":"infos-legales","status":"publish","type":"page","link":"https:\/\/medecine-douce-drome.fr\/?page_id=63","title":{"rendered":"Infos l\u00e9gales"},"content":{"rendered":"<p>Toute repr\u00e9sentation totale ou partielle de ce site par quelque proc\u00e9d\u00e9 que ce soit, sans l\u2019autorisation expresse de l\u2019exploitant du site Internet est interdite et constituerait une contrefa\u00e7on sanctionn\u00e9e par les articles L 335-2 et suivants du Code de la propri\u00e9t\u00e9 intellectuelle.<\/p>\n<p>Les marques de l\u2019exploitant du site Internet et de ses partenaires, ainsi que les logos figurant sur le site sont des \u00e9l\u00e9ments prot\u00e9g\u00e9s par les dispositions du droit de la propri\u00e9t\u00e9 intellectuelle et ne peuvent faire l\u2019objet, sans consentement du Directeur de la publication, d\u2019aucune reproduction ni repr\u00e9sentation partielle ou totale.<br \/>\nLes liens hypertextes mis en place dans le cadre du site Internet en direction d\u2019autres ressources pr\u00e9sentes sur le r\u00e9seau de l\u2019Internet, et notamment vers ses partenaires ont fait l\u2019objet d\u2019une autorisation pr\u00e9alable expresse et \u00e9crite.<br \/>\nLes utilisateurs visiteurs du site Internet ne peuvent mettre en place un hyperlien en direction de ce site sans l\u2019autorisation expresse et pr\u00e9alable de l\u2019exploitant du site Internet.<\/p>\n<p>Nom du site :<br \/>\nDirecteur de la publication :<br \/>\nEmail :<\/p>\n<p>T\u00e9l :<br \/>\nForme juridique : Profession lib\u00e9rale<br \/>\nRaison sociale :<br \/>\nSIRET :<\/p>\n","protected":false},"excerpt":{"rendered":"<p>Toute repr\u00e9sentation totale ou partielle de ce site par quelque proc\u00e9d\u00e9 que ce soit, sans l\u2019autorisation expresse de l\u2019exploitant du site Internet est interdite et constituerait une contrefa\u00e7on sanctionn\u00e9e par les articles L 335-2 et suivants du Code de la &hellip; <a href=\"https:\/\/medecine-douce-drome.fr\/?page_id=63\">Continuer la lecture <span class=\"meta-nav\">&rarr;<\/span><\/a><\/p>\n","protected":false},"author":2,"featured_media":0,"parent":0,"menu_order":0,"comment_status":"closed","ping_status":"closed","template":"onecolumn-page.php","meta":{"footnotes":""},"aioseo_notices":[],"_links":{"self":[{"href":"https:\/\/medecine-douce-drome.fr\/index.php?rest_route=\/wp\/v2\/pages\/63"}],"collection":[{"href":"https:\/\/medecine-douce-drome.fr\/index.php?rest_route=\/wp\/v2\/pages"}],"about":[{"href":"https:\/\/medecine-douce-drome.fr\/index.php?rest_route=\/wp\/v2\/types\/page"}],"author":[{"embeddable":true,"href":"https:\/\/medecine-douce-drome.fr\/index.php?rest_route=\/wp\/v2\/users\/2"}],"replies":[{"embeddable":true,"href":"https:\/\/medecine-douce-drome.fr\/index.php?rest_route=%2Fwp%2Fv2%2Fcomments&post=63"}],"version-history":[{"count":2,"href":"https:\/\/medecine-douce-drome.fr\/index.php?rest_route=\/wp\/v2\/pages\/63\/revisions"}],"predecessor-version":[{"id":139,"href":"https:\/\/medecine-douce-drome.fr\/index.php?rest_route=\/wp\/v2\/pages\/63\/revisions\/139"}],"wp:attachment":[{"href":"https:\/\/medecine-douce-drome.fr\/index.php?rest_route=%2Fwp%2Fv2%2Fmedia&parent=63"}],"curies":[{"name":"wp","href":"https:\/\/api.w.org\/{rel}","templated":true}]}}