{"id":61,"date":"2016-02-12T07:42:49","date_gmt":"2016-02-12T07:42:49","guid":{"rendered":"http:\/\/medecinesdouces.cidfrance.fr\/?page_id=61"},"modified":"2016-03-16T15:26:50","modified_gmt":"2016-03-16T15:26:50","slug":"reflexologie","status":"publish","type":"page","link":"https:\/\/medecine-douce-drome.fr\/?page_id=61","title":{"rendered":"Luminoth\u00e9rapie"},"content":{"rendered":"<p>Les recherches montrent que le m\u00e9tabolisme de la m\u00e9latonine (hormone du sommeil) est d\u00e9r\u00e9gl\u00e9 chez les personnes souffrant de d\u00e9pression saisonni\u00e8re6.<\/p>\n<p>Chez ces individus, il est observ\u00e9 un taux de m\u00e9latonine particuli\u00e8rement \u00e9lev\u00e9 durant le jour. Ceci expliquant la fatigue durant la journ\u00e9e. La stimulation, le matin, des cellules ganglionnaires de la r\u00e9tine (photor\u00e9cepteurs non-imageants) permet de bloquer la transformation de la s\u00e9rotonine en m\u00e9latonine durant le jour et donc la s\u00e9cr\u00e9tion de la m\u00e9latonine par l&rsquo;\u00e9piphyse (glande pin\u00e9ale).<\/p>\n<p>De plus, il y a une \u00ab reprogrammation \u00bb de l&rsquo;horloge biologique permettant une s\u00e9cr\u00e9tion normale de la m\u00e9latonine la nuit en fonction des phases du sommeil.<\/p>\n<table>\n<tbody>\n<tr>\n<td style=\"width: 100px;\"><img decoding=\"async\" loading=\"lazy\" class=\"alignnone size-medium wp-image-23\" src=\"http:\/\/medecine-douce-drome.fr\/wp-content\/uploads\/2016\/02\/luminitherapie-300x265.png\" alt=\"image020\" width=\"100\" height=\"100\" \/><\/td>\n<td><strong><u>la Luminoth\u00e9rapie<\/u><\/strong> :Activit\u00e9 physiologique de la lumi\u00e8re.Par son inhibition de la s\u00e9cr\u00e9tion de m\u00e9latonine, la lumi\u00e8re permet un r\u00e9veil am\u00e9lior\u00e9 et une meilleure vigilance. Elle r\u00e9gule l&rsquo;horloge biologique et am\u00e9liore la synchronisation des rythmes biologiques : ce qui entra\u00eenera une meilleure forme et une meilleure \u00e9nergie vitale. Elle stimule les r\u00e9gions de la base du cerveau et augmente le niveau de s\u00e9rotonine (neurotransmetteur) qui a un effet antid\u00e9presseur et r\u00e9gulateur de l&rsquo;app\u00e9tit..<\/td>\n<\/tr>\n<\/tbody>\n<\/table>\n<p>Possibilit\u00e9 de prise en charge par votre Mutuelle.<\/p>\n<p><em>Nos praticiens sont dipl\u00f4m\u00e9s d\u2019\u00e9tat en soins g\u00e9n\u00e9raux, psychiatriques et th\u00e9rapeutiques. <em><a href=\"http:\/\/medecine-douce-drome.fr\/?page_id=57\">(voir nos praticiens)<\/a><\/em><\/em><\/p>\n","protected":false},"excerpt":{"rendered":"<p>Les recherches montrent que le m\u00e9tabolisme de la m\u00e9latonine (hormone du sommeil) est d\u00e9r\u00e9gl\u00e9 chez les personnes souffrant de d\u00e9pression saisonni\u00e8re6. Chez ces individus, il est observ\u00e9 un taux de m\u00e9latonine particuli\u00e8rement \u00e9lev\u00e9 durant le jour. Ceci expliquant la fatigue &hellip; <a href=\"https:\/\/medecine-douce-drome.fr\/?page_id=61\">Continuer la lecture <span class=\"meta-nav\">&rarr;<\/span><\/a><\/p>\n","protected":false},"author":2,"featured_media":0,"parent":0,"menu_order":0,"comment_status":"closed","ping_status":"closed","template":"onecolumn-page.php","meta":{"footnotes":""},"aioseo_notices":[],"_links":{"self":[{"href":"https:\/\/medecine-douce-drome.fr\/index.php?rest_route=\/wp\/v2\/pages\/61"}],"collection":[{"href":"https:\/\/medecine-douce-drome.fr\/index.php?rest_route=\/wp\/v2\/pages"}],"about":[{"href":"https:\/\/medecine-douce-drome.fr\/index.php?rest_route=\/wp\/v2\/types\/page"}],"author":[{"embeddable":true,"href":"https:\/\/medecine-douce-drome.fr\/index.php?rest_route=\/wp\/v2\/users\/2"}],"replies":[{"embeddable":true,"href":"https:\/\/medecine-douce-drome.fr\/index.php?rest_route=%2Fwp%2Fv2%2Fcomments&post=61"}],"version-history":[{"count":19,"href":"https:\/\/medecine-douce-drome.fr\/index.php?rest_route=\/wp\/v2\/pages\/61\/revisions"}],"predecessor-version":[{"id":144,"href":"https:\/\/medecine-douce-drome.fr\/index.php?rest_route=\/wp\/v2\/pages\/61\/revisions\/144"}],"wp:attachment":[{"href":"https:\/\/medecine-douce-drome.fr\/index.php?rest_route=%2Fwp%2Fv2%2Fmedia&parent=61"}],"curies":[{"name":"wp","href":"https:\/\/api.w.org\/{rel}","templated":true}]}}