{"id":6,"date":"2016-02-10T10:44:04","date_gmt":"2016-02-10T10:44:04","guid":{"rendered":"http:\/\/medecinesdouces.cidfrance.fr\/?page_id=6"},"modified":"2016-03-22T13:27:37","modified_gmt":"2016-03-22T13:27:37","slug":"luxupuncture","status":"publish","type":"page","link":"https:\/\/medecine-douce-drome.fr\/?page_id=6","title":{"rendered":"Luxopuncture"},"content":{"rendered":"<p>C\u2019est une r\u00e9volution en mati\u00e8re de perte de poids, de relaxation et d\u2019aide \u00e0 l\u2019arr\u00eat du tabac\u00a0! Au travers de la Luxopuncture, pr\u00e9sent\u00e9e par de nombreux experts comme \u00ab\u00a0la\u00a0\u00bb m\u00e9thode du XXIe Si\u00e8cle\u2026<br \/>\n<img decoding=\"async\" loading=\"lazy\" class=\"size-medium wp-image-7 alignright\" src=\"http:\/\/medecine-douce-drome.fr\/wp-content\/uploads\/2016\/02\/image009-300x237.jpg\" alt=\"image009\" width=\"300\" height=\"237\" srcset=\"https:\/\/medecine-douce-drome.fr\/wp-content\/uploads\/2016\/02\/image009-300x237.jpg 300w, https:\/\/medecine-douce-drome.fr\/wp-content\/uploads\/2016\/02\/image009.jpg 309w\" sizes=\"(max-width: 300px) 100vw, 300px\" \/><br \/>\nFrance 2, RTL, Sant\u00e9 Magazine, Elle, Madame Figaro\u2026 la presse ne tarit pas d\u2019\u00e9loges sur la Luxo\u00ae, ou Luxoponcture\u00ae, une technique de soins sous forme de cures, comparable \u00e0 de l\u2019acuponcture mais sans aiguille, bas\u00e9e sur un appareil high-tech cr\u00e9\u00e9 et fabriqu\u00e9 en France, qui permet de stimuler les points r\u00e9flexes du corps par un rayonnement infra-rouge.<\/p>\n<p>Douce, indolore, non invasive et sans risque, elle offre des r\u00e9sultats probants aux personnes souhaitant perdre du poids, diminuer les troubles de la m\u00e9nopause, ou encore en finir avec le tabac.<\/p>\n<p>Les cures Luxo\u00ae sont des soins complets\u00a0: la personne est prise en charge dans sa globalit\u00e9, avec un suivi personnalis\u00e9. Cinq types de cures sont propos\u00e9s parmi d&rsquo;autres.<\/p>\n<table>\n<tbody>\n<tr>\n<td><img decoding=\"async\" loading=\"lazy\" class=\"alignnone size-medium wp-image-11\" src=\"http:\/\/medecine-douce-drome.fr\/wp-content\/uploads\/2016\/02\/image010-300x265.png\" alt=\"image010\" width=\"100\" height=\"100\" \/><\/td>\n<td><strong><u>La cure Luxo\u00ae Minceur<\/u><\/strong>\u00a0: Les s\u00e9ances de Luxo\u00ae, dont le nombre est d\u00e9termin\u00e9 suite \u00e0 un premier entretien, permettent de supprimer ou d\u2019att\u00e9nuer fortement les troubles du comportement alimentaire et de r\u00e9\u00e9quilibrer l\u2019alimentation, sans \u00ab\u00a0craquer\u00a0\u00bb comme cela arrive souvent avec un r\u00e9gime classique. L\u2019objectif de la cure est de perdre 3 \u00e0 4 kilos par mois.<\/p>\n<p>Au terme de la cure, la personne entre en phase de stabilisation. Gr\u00e2ce aux s\u00e9ances, son syst\u00e8me hormonal et notamment le cycle de s\u00e9rotonine est fonctionnellement \u00e9quilibr\u00e9. Les apports alimentaires sont ainsi mieux ma\u00eetris\u00e9s. Trois s\u00e9ances de stabilisation, tous les 6 mois, sont conseill\u00e9es. Taux de satisfaction 95.6% *<em> Evaluation TEREO (Bureau de Recherche Clinique \u2013 Mai 2007)<\/em><\/td>\n<\/tr>\n<tr>\n<td style=\"width: 100px;\"><img decoding=\"async\" loading=\"lazy\" class=\"alignnone size-medium wp-image-12\" src=\"http:\/\/medecine-douce-drome.fr\/wp-content\/uploads\/2016\/02\/image012-300x265.png\" alt=\"image012\" width=\"100\" height=\"100\" \/><\/td>\n<td><strong><u>La cure Luxo\u00ae Relaxation<\/u>\u00a0:<\/strong> la Luxo\u00ae permet de retrouver l\u2019\u00e9quilibre en lib\u00e9rant les tensions en profondeur et durablement, en retrouvant une sensation de calme et d\u2019apaisement tout en am\u00e9liorant le sommeil en facilitant l\u2019endormissement et en diminuant les r\u00e9veils nocturnes.<\/td>\n<\/tr>\n<tr>\n<td><img decoding=\"async\" loading=\"lazy\" class=\"alignnone size-medium wp-image-13\" src=\"http:\/\/medecine-douce-drome.fr\/wp-content\/uploads\/2016\/02\/image014-300x265.png\" alt=\"image014\" width=\"100\" height=\"100\" \/><\/td>\n<td><strong><u>La cure Luxo\u00aeBien \u00catre M\u00e9nopause<\/u><\/strong><strong>,<\/strong> quant \u00e0 elle, est une prise en charge des d\u00e9s\u00e9quilibres hormonaux et des inconforts qu\u2019ils engendrent en r\u00e9duisant significativement la fr\u00e9quence et l\u2019intensit\u00e9 des bouff\u00e9&amp;es de chaleur, en am\u00e9liorant le sommeil, l\u2019humeur et la forme g\u00e9n\u00e9rale. Taux de satisfaction 90.3%*<em> Evaluation TEREO (Bureau de Recherche Clinique \u2013 Mai 2007)<\/em><\/td>\n<\/tr>\n<tr>\n<td><img decoding=\"async\" loading=\"lazy\" class=\"alignnone size-medium wp-image-14\" src=\"http:\/\/medecine-douce-drome.fr\/wp-content\/uploads\/2016\/02\/image016-300x265.png\" alt=\"image016\" width=\"100\" height=\"100\" \/><\/td>\n<td><strong><u>La cure Luxo\u00aeArr\u00eat du Tabac<\/u><\/strong> se d\u00e9roule en 2 \u00e9tapes\u00a0: une phase de sevrage en 3 \u00e0 5 s\u00e9ances cons\u00e9cutives, \u00e0 raison d\u2019une s\u00e9ance par jour, puis une phase de suivi de 3 mois, apr\u00e8s le sevrage. L\u2019ex-fumeur peut b\u00e9n\u00e9ficier de 1 ou 2 s\u00e9ances suppl\u00e9mentaires, pour l\u2019aider \u00e0 g\u00e9rer au quotidien ses compulsions et diminuer ses risques de rechute. Taux de satisfaction 90.5%*<em>Evaluation TEREO (Bureau de Recherche Clinique \u2013 Mai 2007)<\/em><\/td>\n<\/tr>\n<tr>\n<td><img decoding=\"async\" loading=\"lazy\" class=\"alignnone size-medium wp-image-10\" src=\"http:\/\/medecine-douce-drome.fr\/wp-content\/uploads\/2016\/02\/image018-300x265.png\" alt=\"image018\" width=\"100\" height=\"100\" \/><\/td>\n<td><strong><u>La cure Luxo\u00ae Rajeunissement visage<\/u><\/strong>, avec un triple objectif\u00a0: stimulation du drainage et de la microcirculation, tonification des muscles faciaux, stimulation des fibroblastes producteurs de collag\u00e8ne et d\u2019\u00e9lastine. Cette cure s\u2019est vue attribuer la note 9\/10 par le magazine VOTRE BEAUTE.<\/td>\n<\/tr>\n<\/tbody>\n<\/table>\n<p>Depuis 2000, la Luxo\u00ae est propos\u00e9e par plus de 1000 centres agr\u00e9\u00e9s, dont 800 en France et une expertise de 500\u00a0000 cures.<\/p>\n<p><em>Nos praticiens sont dipl\u00f4m\u00e9s d\u2019\u00e9tat en soins g\u00e9n\u00e9raux, psychiatriques et th\u00e9rapeutiques. <em><a href=\"http:\/\/medecine-douce-drome.fr\/?page_id=57\">(voir nos praticiens)<\/a><\/em><\/em><\/p>\n","protected":false},"excerpt":{"rendered":"<p>C\u2019est une r\u00e9volution en mati\u00e8re de perte de poids, de relaxation et d\u2019aide \u00e0 l\u2019arr\u00eat du tabac\u00a0! Au travers de la Luxopuncture, pr\u00e9sent\u00e9e par de nombreux experts comme \u00ab\u00a0la\u00a0\u00bb m\u00e9thode du XXIe Si\u00e8cle\u2026 France 2, RTL, Sant\u00e9 Magazine, Elle, Madame &hellip; <a href=\"https:\/\/medecine-douce-drome.fr\/?page_id=6\">Continuer la lecture <span class=\"meta-nav\">&rarr;<\/span><\/a><\/p>\n","protected":false},"author":2,"featured_media":0,"parent":0,"menu_order":0,"comment_status":"closed","ping_status":"closed","template":"onecolumn-page.php","meta":{"footnotes":""},"aioseo_notices":[],"_links":{"self":[{"href":"https:\/\/medecine-douce-drome.fr\/index.php?rest_route=\/wp\/v2\/pages\/6"}],"collection":[{"href":"https:\/\/medecine-douce-drome.fr\/index.php?rest_route=\/wp\/v2\/pages"}],"about":[{"href":"https:\/\/medecine-douce-drome.fr\/index.php?rest_route=\/wp\/v2\/types\/page"}],"author":[{"embeddable":true,"href":"https:\/\/medecine-douce-drome.fr\/index.php?rest_route=\/wp\/v2\/users\/2"}],"replies":[{"embeddable":true,"href":"https:\/\/medecine-douce-drome.fr\/index.php?rest_route=%2Fwp%2Fv2%2Fcomments&post=6"}],"version-history":[{"count":14,"href":"https:\/\/medecine-douce-drome.fr\/index.php?rest_route=\/wp\/v2\/pages\/6\/revisions"}],"predecessor-version":[{"id":163,"href":"https:\/\/medecine-douce-drome.fr\/index.php?rest_route=\/wp\/v2\/pages\/6\/revisions\/163"}],"wp:attachment":[{"href":"https:\/\/medecine-douce-drome.fr\/index.php?rest_route=%2Fwp%2Fv2%2Fmedia&parent=6"}],"curies":[{"name":"wp","href":"https:\/\/api.w.org\/{rel}","templated":true}]}}