{"id":59,"date":"2016-02-12T07:42:16","date_gmt":"2016-02-12T07:42:16","guid":{"rendered":"http:\/\/medecinesdouces.cidfrance.fr\/?page_id=59"},"modified":"2016-03-16T15:29:13","modified_gmt":"2016-03-16T15:29:13","slug":"therapie","status":"publish","type":"page","link":"https:\/\/medecine-douce-drome.fr\/?page_id=59","title":{"rendered":"Th\u00e9rapie"},"content":{"rendered":"<p>Th\u00e9rapie, termin\u00e9 les m\u00e9thodes interminables pour soigner nos bleus \u00e0 l\u2019\u00e2me. Les toutes derni\u00e8res th\u00e9rapies nous r\u00e9concilient avec nos \u00e9motions et nos souffrances en quelques mois. Focus sur ce nouveau type de psychoth\u00e9rapie. Les th\u00e9rapies dites br\u00e8ves sont des th\u00e9rapies qui visent \u00e0 att\u00e9nuer, voire \u00e0 faire dispara\u00eetre des sympt\u00f4mes sur une dur\u00e9e relativement courte. Elles sont davantage orient\u00e9es sur le \u00ab comment \u00bb et les solutions plut\u00f4t que sur le \u00ab pourquoi \u00bb et les causes.<\/p>\n<table>\n<tbody>\n<tr>\n<td style=\"width: 100px;\"><img decoding=\"async\" loading=\"lazy\" class=\"alignnone size-medium wp-image-23\" src=\"http:\/\/medecine-douce-drome.fr\/wp-content\/uploads\/2016\/02\/image005-300x265.png\" alt=\"image020\" width=\"100\" height=\"100\" \/><\/td>\n<td><strong><u>Th\u00e9rapie<\/u><\/strong> :Bas\u00e9e sur la cure-type, la psychoth\u00e9rapie psychanalytique individuelle peut diff\u00e9rer de celle-ci sur un ou plusieurs points, tels qu&rsquo;un entretien fait en face \u00e0 face et\/ou l&rsquo;intervention du th\u00e9rapeute de mani\u00e8re plus directive par exemple. D\u00e8s lors, elle peut s&rsquo;appliquer \u00e0 davantage de patients pr\u00e9sentant des troubles vari\u00e9s, puisque la technique peut leur \u00eatre adapt\u00e9e. Ces modifications de la cure-type d\u00e9pendent \u00ab en fait de l&rsquo;organisation psychopathologique dont il s&rsquo;agit et, dans une certaine mesure, du style et de la personnalit\u00e9 de l&rsquo;analyste \u00bb<\/td>\n<\/tr>\n<\/tbody>\n<\/table>\n<p>Possibilit\u00e9 de prise en charge par votre Mutuelle.<\/p>\n<p><em>Nos praticiens sont dipl\u00f4m\u00e9s d\u2019\u00e9tat en soins g\u00e9n\u00e9raux, psychiatriques et th\u00e9rapeutiques. <em><a href=\"http:\/\/medecine-douce-drome.fr\/?page_id=57\">(voir nos praticiens)<\/a><\/em><\/em><\/p>\n","protected":false},"excerpt":{"rendered":"<p>Th\u00e9rapie, termin\u00e9 les m\u00e9thodes interminables pour soigner nos bleus \u00e0 l\u2019\u00e2me. Les toutes derni\u00e8res th\u00e9rapies nous r\u00e9concilient avec nos \u00e9motions et nos souffrances en quelques mois. Focus sur ce nouveau type de psychoth\u00e9rapie. Les th\u00e9rapies dites br\u00e8ves sont des th\u00e9rapies &hellip; <a href=\"https:\/\/medecine-douce-drome.fr\/?page_id=59\">Continuer la lecture <span class=\"meta-nav\">&rarr;<\/span><\/a><\/p>\n","protected":false},"author":2,"featured_media":0,"parent":0,"menu_order":0,"comment_status":"closed","ping_status":"closed","template":"onecolumn-page.php","meta":{"footnotes":""},"aioseo_notices":[],"_links":{"self":[{"href":"https:\/\/medecine-douce-drome.fr\/index.php?rest_route=\/wp\/v2\/pages\/59"}],"collection":[{"href":"https:\/\/medecine-douce-drome.fr\/index.php?rest_route=\/wp\/v2\/pages"}],"about":[{"href":"https:\/\/medecine-douce-drome.fr\/index.php?rest_route=\/wp\/v2\/types\/page"}],"author":[{"embeddable":true,"href":"https:\/\/medecine-douce-drome.fr\/index.php?rest_route=\/wp\/v2\/users\/2"}],"replies":[{"embeddable":true,"href":"https:\/\/medecine-douce-drome.fr\/index.php?rest_route=%2Fwp%2Fv2%2Fcomments&post=59"}],"version-history":[{"count":10,"href":"https:\/\/medecine-douce-drome.fr\/index.php?rest_route=\/wp\/v2\/pages\/59\/revisions"}],"predecessor-version":[{"id":147,"href":"https:\/\/medecine-douce-drome.fr\/index.php?rest_route=\/wp\/v2\/pages\/59\/revisions\/147"}],"wp:attachment":[{"href":"https:\/\/medecine-douce-drome.fr\/index.php?rest_route=%2Fwp%2Fv2%2Fmedia&parent=59"}],"curies":[{"name":"wp","href":"https:\/\/api.w.org\/{rel}","templated":true}]}}