{"id":57,"date":"2016-02-12T07:41:32","date_gmt":"2016-02-12T07:41:32","guid":{"rendered":"http:\/\/medecinesdouces.cidfrance.fr\/?page_id=57"},"modified":"2016-03-22T17:00:19","modified_gmt":"2016-03-22T17:00:19","slug":"praticiens","status":"publish","type":"page","link":"https:\/\/medecine-douce-drome.fr\/?page_id=57","title":{"rendered":"Praticiens"},"content":{"rendered":"<p>Nos praticiens sont des infirmiers dipl\u00f4m\u00e9s d\u2019\u00e9tat en soins g\u00e9n\u00e9raux, psychiatriques et th\u00e9rapeutiques et ont suivi les formations aux techniques de Luxopuncture et Magn\u00e9toth\u00e9rapie.<\/p>\n<p>Agr\u00e9ement LUXOMED et BTL<\/p>\n<p>Dispositif m\u00e9dical de 93\/42\/CE classe 110<\/p>\n<table style=\"height: 327px;\" width=\"1015\">\n<tbody>\n<tr>\n<td>Jennifer CONSTANT-PERRET<br \/>\n<strong>T\u00e9l. 06 62 17 19 95 \/ RV<\/strong><\/td>\n<td>Le Petit P\u00e9lican<br \/>\nBoulevard des Pr\u00e9sident<br \/>\n26200 MONTELIMAR<\/td>\n<td style=\"text-align: center;\"><a href=\"http:\/\/medecine-douce-drome.fr\/?page_id=6\"><img decoding=\"async\" loading=\"lazy\" class=\"wp-image-46 size-thumbnail aligncenter\" src=\"http:\/\/medecine-douce-drome.fr\/wp-content\/uploads\/2016\/02\/luxotherapie-300x265.png\" alt=\"luxotherapie\" width=\"110\" height=\"100\" \/><\/a>Mont\u00e9limar<\/td>\n<td><\/td>\n<td style=\"text-align: center;\"><a href=\"http:\/\/medecine-douce-drome.fr\/?page_id=59\"><img decoding=\"async\" loading=\"lazy\" class=\"wp-image-49 size-thumbnail aligncenter\" src=\"http:\/\/cabinet-infirmiers-montelimar.fr\/wp-content\/uploads\/2016\/02\/THERAPIE-150x150.png\" alt=\"THERAPIE\" width=\"100\" height=\"100\" \/><\/a>Mont\u00e9limar<\/td>\n<td><\/td>\n<\/tr>\n<tr>\n<td colspan=\"6\">&#8211; Dipl\u00f4me Infirmi\u00e9re (DE) &#8211; Formation Luxopuncture et magn\u00e9toth\u00e9rapie certifi\u00e9e Luxomed<\/p>\n<\/td>\n<\/tr>\n<tr>\n<td>Bruno ESCLEYNE-SYMESAK<br \/>\n<strong>T\u00e9l. 06 14 38 15 16 \/ RV<\/strong><br \/>\n<strong>T\u00e9l. 09 53 60 63 41 \/ RV<\/strong><\/td>\n<td>5 rue du jeu de Paume<br \/>\n26200 MONTELIMAR<br \/>\nChemin de la colline<br \/>\n26400 CREST<\/td>\n<td style=\"text-align: center;\"><a href=\"http:\/\/medecine-douce-drome.fr\/?page_id=6\"><img decoding=\"async\" loading=\"lazy\" class=\"wp-image-46 size-thumbnail aligncenter\" src=\"http:\/\/medecine-douce-drome.fr\/wp-content\/uploads\/2016\/02\/luxotherapie-300x265.png\" alt=\"luxotherapie\" width=\"110\" height=\"100\" \/><\/a>Mont\u00e9limar-Crest<\/td>\n<td style=\"text-align: center;\"><a href=\"http:\/\/medecine-douce-drome.fr\/?page_id=20\"><img decoding=\"async\" loading=\"lazy\" class=\"wp-image-47 size-thumbnail aligncenter\" src=\"http:\/\/cabinet-infirmiers-montelimar.fr\/wp-content\/uploads\/2016\/02\/MAGNETO-150x150.png\" alt=\"MAGNETO\" width=\"100\" height=\"100\" \/><\/a>Crest<\/td>\n<td style=\"text-align: center;\"><a href=\"http:\/\/medecine-douce-drome.fr\/?page_id=59\"><img decoding=\"async\" loading=\"lazy\" class=\"wp-image-49 size-thumbnail aligncenter\" src=\"http:\/\/cabinet-infirmiers-montelimar.fr\/wp-content\/uploads\/2016\/02\/THERAPIE-150x150.png\" alt=\"THERAPIE\" width=\"100\" height=\"100\" \/><\/a>Mont\u00e9limar-Crest<\/td>\n<td style=\"text-align: center;\"><a href=\"http:\/\/medecine-douce-drome.fr\/?page_id=61\"><img decoding=\"async\" loading=\"lazy\" class=\"wp-image-48 size-thumbnail aligncenter\" src=\"http:\/\/medecine-douce-drome.fr\/wp-content\/uploads\/2016\/02\/luminitherapie-300x265.png\" alt=\"luminitherapie\" width=\"110\" height=\"100\" \/><\/a>Mont\u00e9limar-Crest<\/td>\n<\/tr>\n<tr>\n<td colspan=\"6\">&#8211; Dipl\u00f4me Infirmier (DE) &#8211; Cadre de sant\u00e9 licence de psychologie (FPP) &#8211; Licence sciences de l&rsquo;\u00e9ducation<br \/>\n&#8211; Membre de la C UMP drome (cellules d&rsquo;urgence m\u00e9dico\u2013psychologique) &#8211; Formation Luxopuncture et magn\u00e9toth\u00e9rapie certifi\u00e9e Luxomed<\/td>\n<\/tr>\n<\/tbody>\n<\/table>\n","protected":false},"excerpt":{"rendered":"<p>Nos praticiens sont des infirmiers dipl\u00f4m\u00e9s d\u2019\u00e9tat en soins g\u00e9n\u00e9raux, psychiatriques et th\u00e9rapeutiques et ont suivi les formations aux techniques de Luxopuncture et Magn\u00e9toth\u00e9rapie. Agr\u00e9ement LUXOMED et BTL Dispositif m\u00e9dical de 93\/42\/CE classe 110 Jennifer CONSTANT-PERRET T\u00e9l. 06 62 17 &hellip; <a href=\"https:\/\/medecine-douce-drome.fr\/?page_id=57\">Continuer la lecture <span class=\"meta-nav\">&rarr;<\/span><\/a><\/p>\n","protected":false},"author":2,"featured_media":0,"parent":0,"menu_order":0,"comment_status":"closed","ping_status":"closed","template":"onecolumn-page.php","meta":{"footnotes":""},"aioseo_notices":[],"_links":{"self":[{"href":"https:\/\/medecine-douce-drome.fr\/index.php?rest_route=\/wp\/v2\/pages\/57"}],"collection":[{"href":"https:\/\/medecine-douce-drome.fr\/index.php?rest_route=\/wp\/v2\/pages"}],"about":[{"href":"https:\/\/medecine-douce-drome.fr\/index.php?rest_route=\/wp\/v2\/types\/page"}],"author":[{"embeddable":true,"href":"https:\/\/medecine-douce-drome.fr\/index.php?rest_route=\/wp\/v2\/users\/2"}],"replies":[{"embeddable":true,"href":"https:\/\/medecine-douce-drome.fr\/index.php?rest_route=%2Fwp%2Fv2%2Fcomments&post=57"}],"version-history":[{"count":26,"href":"https:\/\/medecine-douce-drome.fr\/index.php?rest_route=\/wp\/v2\/pages\/57\/revisions"}],"predecessor-version":[{"id":174,"href":"https:\/\/medecine-douce-drome.fr\/index.php?rest_route=\/wp\/v2\/pages\/57\/revisions\/174"}],"wp:attachment":[{"href":"https:\/\/medecine-douce-drome.fr\/index.php?rest_route=%2Fwp%2Fv2%2Fmedia&parent=57"}],"curies":[{"name":"wp","href":"https:\/\/api.w.org\/{rel}","templated":true}]}}