{"id":35,"date":"2016-02-10T13:15:12","date_gmt":"2016-02-10T13:15:12","guid":{"rendered":"http:\/\/medecinesdouces.cidfrance.fr\/?page_id=35"},"modified":"2016-03-16T15:59:37","modified_gmt":"2016-03-16T15:59:37","slug":"medecines-douces","status":"publish","type":"page","link":"https:\/\/medecine-douce-drome.fr\/","title":{"rendered":"M\u00e9decines douces"},"content":{"rendered":"<p><em>Nos praticiens sont dipl\u00f4m\u00e9s d\u2019\u00e9tat en soins g\u00e9n\u00e9raux, psychiatriques et th\u00e9rapeutiques. <em><a href=\"http:\/\/medecine-douce-drome.fr\/?page_id=57\">(voir nos praticiens)<\/a><\/em><\/em><\/p>\n<p>&nbsp;<\/p>\n<table id=\"hometab\" style=\"vertical-align:top\">\n<tbody>\n<tr>\n<td><a href=\"http:\/\/medecine-douce-drome.fr\/?page_id=6\"><img decoding=\"async\" loading=\"lazy\" class=\"size-medium wp-image-39 aligncenter\" src=\"http:\/\/medecine-douce-drome.fr\/wp-content\/uploads\/2016\/02\/luxotherapie-300x265.png\" alt=\"luxotherapie\" width=\"150\" height=\"150\" \/><\/a><\/td>\n<td><a href=\"http:\/\/medecine-douce-drome.fr\/?page_id=20\"><img decoding=\"async\" loading=\"lazy\" class=\"size-medium wp-image-36 aligncenter\" src=\"http:\/\/medecine-douce-drome.fr\/wp-content\/uploads\/2016\/02\/image003-300x265.png\" alt=\"image003\" width=\"150\" height=\"150\" \/><\/a><\/td>\n<td><a href=\"http:\/\/medecine-douce-drome.fr\/?page_id=59\"><img decoding=\"async\" loading=\"lazy\" class=\"size-medium wp-image-37 aligncenter\" src=\"http:\/\/medecine-douce-drome.fr\/wp-content\/uploads\/2016\/02\/image005-300x265.png\" alt=\"image005\" width=\"150\" height=\"150\" \/><\/a><\/td>\n<td><a href=\"http:\/\/medecine-douce-drome.fr\/?page_id=61\"><img decoding=\"async\" loading=\"lazy\" class=\"size-medium wp-image-38 aligncenter\" src=\"http:\/\/medecine-douce-drome.fr\/wp-content\/uploads\/2016\/02\/luminitherapie-300x265.png\" alt=\"luminitherapie\" width=\"150\" height=\"150\" \/><\/a><\/td>\n<\/tr>\n<tr>\n<td><strong>Luxopuncture <\/strong>C\u2019est une r\u00e9volution en mati\u00e8re de perte de poids, de relaxation et d\u2019aide \u00e0 l\u2019arr\u00eat du tabac\u00a0! Au travers de la Luxopuncture, le Cabinet propose en exclusivit\u00e9 \u00e0 Mont\u00e9limar et \u00e0 Crest une technique douce et naturelle, pr\u00e9sent\u00e9e par de nombreux experts comme \u00ab\u00a0la\u00a0\u00bb m\u00e9thode du XXIe Si\u00e8cle\u2026<br \/>\nune technique de soins sous forme de cures, comparable \u00e0 de l\u2019acuponcture mais sans aiguille, qui permet de stimuler les points r\u00e9flexes du corps par un rayonnement infra-rouge.<br \/>\n<em><a href=\"http:\/\/medecine-douce-drome.fr\/?page_id=6\">(en savoir plus)<\/a><\/em><\/td>\n<td><strong>Magn\u00e9toth\u00e9rapie<\/strong>, Les champs magn\u00e9tiques puls\u00e9s \u00e0 basse fr\u00e9quence, ou magn\u00e9toth\u00e9rapie, sont un moyen moderne de prendre soin de votre sant\u00e9 sans vous faire de mal. C\u2019est une aide pr\u00e9cieuse pour aider \u00e0 soulager les douleurs articulaires ou musculaires, apaiser les tensions, bien dormir et retrouver le bien-\u00eatre en douceur. Appliqu\u00e9s \u00e0 des fr\u00e9quences et intensit\u00e9s pr\u00e9cises, les champs magn\u00e9tiques puls\u00e9s ont un effet b\u00e9n\u00e9fique pour le corps humain. Un grand nombre d\u2019\u00e9tudes scientifiques sur ce sujet ont confirm\u00e9 l\u2019efficacit\u00e9 des champs magn\u00e9tiques dans la lutte contre certains types de douleurs.<br \/>\n<em><a href=\"http:\/\/medecine-douce-drome.fr\/?page_id=20\">(en savoir plus)<\/a><\/em>\u200b<\/td>\n<td><strong>Th\u00e9rapie, <\/strong>termin\u00e9 les m\u00e9thodes interminables pour soigner nos bleus \u00e0 l\u2019\u00e2me. Les toutes derni\u00e8res th\u00e9rapies nous r\u00e9concilient avec nos \u00e9motions et nos souffrances en quelques mois. Focus sur ce nouveau type de psychoth\u00e9rapie. Les th\u00e9rapies dites br\u00e8ves sont des th\u00e9rapies qui visent \u00e0 att\u00e9nuer, voire \u00e0 faire dispara\u00eetre des sympt\u00f4mes sur une dur\u00e9e relativement courte. Elles sont davantage orient\u00e9es sur le \u00ab\u00a0comment\u00a0\u00bb et les solutions plut\u00f4t que sur le \u00ab\u00a0pourquoi\u00a0\u00bb et les causes.<br \/>\n<em><a href=\"http:\/\/medecine-douce-drome.fr\/?page_id=59\">(en savoir plus)<\/a><\/em><\/td>\n<td><strong>Luminoth\u00e9rapie<\/strong> Les recherches montrent que le m\u00e9tabolisme de la m\u00e9latonine (hormone du sommeil) est d\u00e9r\u00e9gl\u00e9 chez les personnes souffrant de d\u00e9pression saisonni\u00e8re. Activit\u00e9 physiologique de la lumi\u00e8re.Par son inhibition de la s\u00e9cr\u00e9tion de m\u00e9latonine, la lumi\u00e8re permet un r\u00e9veil am\u00e9lior\u00e9 et une meilleure vigilance. Elle r\u00e9gule l\u2019horloge biologique et am\u00e9liore la synchronisation des rythmes biologiques : ce qui entra\u00eenera une meilleure forme et une meilleure \u00e9nergie vitale.<br \/>\n<em><a href=\"http:\/\/medecine-douce-drome.fr\/?page_id=61\">(en savoir plus)<\/a> <\/em><\/td>\n<\/tr>\n<\/tbody>\n<\/table>\n<p>Dispositif m\u00e9dical de 93\/42\/CE classe 110<\/p>\n","protected":false},"excerpt":{"rendered":"<p>Nos praticiens sont dipl\u00f4m\u00e9s d\u2019\u00e9tat en soins g\u00e9n\u00e9raux, psychiatriques et th\u00e9rapeutiques. (voir nos praticiens) &nbsp; Luxopuncture C\u2019est une r\u00e9volution en mati\u00e8re de perte de poids, de relaxation et d\u2019aide \u00e0 l\u2019arr\u00eat du tabac\u00a0! Au travers de la Luxopuncture, le Cabinet &hellip; <a href=\"https:\/\/medecine-douce-drome.fr\/\">Continuer la lecture <span class=\"meta-nav\">&rarr;<\/span><\/a><\/p>\n","protected":false},"author":2,"featured_media":0,"parent":0,"menu_order":0,"comment_status":"closed","ping_status":"closed","template":"onecolumn-page.php","meta":{"footnotes":""},"aioseo_notices":[],"_links":{"self":[{"href":"https:\/\/medecine-douce-drome.fr\/index.php?rest_route=\/wp\/v2\/pages\/35"}],"collection":[{"href":"https:\/\/medecine-douce-drome.fr\/index.php?rest_route=\/wp\/v2\/pages"}],"about":[{"href":"https:\/\/medecine-douce-drome.fr\/index.php?rest_route=\/wp\/v2\/types\/page"}],"author":[{"embeddable":true,"href":"https:\/\/medecine-douce-drome.fr\/index.php?rest_route=\/wp\/v2\/users\/2"}],"replies":[{"embeddable":true,"href":"https:\/\/medecine-douce-drome.fr\/index.php?rest_route=%2Fwp%2Fv2%2Fcomments&post=35"}],"version-history":[{"count":46,"href":"https:\/\/medecine-douce-drome.fr\/index.php?rest_route=\/wp\/v2\/pages\/35\/revisions"}],"predecessor-version":[{"id":162,"href":"https:\/\/medecine-douce-drome.fr\/index.php?rest_route=\/wp\/v2\/pages\/35\/revisions\/162"}],"wp:attachment":[{"href":"https:\/\/medecine-douce-drome.fr\/index.php?rest_route=%2Fwp%2Fv2%2Fmedia&parent=35"}],"curies":[{"name":"wp","href":"https:\/\/api.w.org\/{rel}","templated":true}]}}