{"id":20,"date":"2016-02-10T10:50:52","date_gmt":"2016-02-10T10:50:52","guid":{"rendered":"http:\/\/medecinesdouces.cidfrance.fr\/?page_id=20"},"modified":"2016-03-16T15:26:31","modified_gmt":"2016-03-16T15:26:31","slug":"la-pneumatotherapie-champs-magnetiques-pulses","status":"publish","type":"page","link":"https:\/\/medecine-douce-drome.fr\/?page_id=20","title":{"rendered":"La magn\u00e9toth\u00e9rapie \u2013 Champs magn\u00e9tiques pulses"},"content":{"rendered":"<p>Les champs magn\u00e9tiques puls\u00e9s \u00e0 basse fr\u00e9quence, ou magn\u00e9toth\u00e9rapie, sont un moyen moderne de prendre soin de votre sant\u00e9 sans vous faire de mal.\u00a0 C\u2019est une aide pr\u00e9cieuse pour aider \u00e0 soulager les douleurs articulaires ou musculaires, apaiser les tensions, bien dormir et retrouver le bien-\u00eatre en douceur. Appliqu\u00e9s \u00e0 des fr\u00e9quences et intensit\u00e9s pr\u00e9cises, les <strong>champs magn\u00e9tiques puls\u00e9s <\/strong>ont un effet b\u00e9n\u00e9fique pour le corps humain. Un grand nombre d\u2019<strong>\u00e9tudes scientifiques<\/strong> sur ce sujet ont confirm\u00e9 l&rsquo;efficacit\u00e9 des champs magn\u00e9tiques dans la lutte contre certains types de douleurs. \u00a0En stimulant l&rsquo;activit\u00e9 cellulaire, les champs magn\u00e9tiques permettent \u00e0 l\u2019organisme de regagner l\u2019\u00e9nergie d\u00e9pens\u00e9e quotidiennement. Le corps et ses fonctions retrouvent ainsi plus facilement leur \u00e9quilibre.<\/p>\n<p>A ce jour, de <strong>nombreux professionnels de la sant\u00e9 et centres hospitaliers utilisent les champs magn\u00e9tiques puls\u00e9s<\/strong> et obtiennent de bons r\u00e9sultats, notamment dans le traitement des pathologies suivantes :<\/p>\n<table>\n<tbody>\n<tr>\n<td style=\"width: 100px;\"><img decoding=\"async\" loading=\"lazy\" class=\"alignnone size-medium wp-image-23\" src=\"http:\/\/medecine-douce-drome.fr\/wp-content\/uploads\/2016\/02\/image020-300x265.png\" alt=\"image020\" width=\"100\" height=\"100\" \/><\/td>\n<td><strong><u>Douleurs<\/u><\/strong> :Douleurs ost\u00e9o-articulaires, douleurs musculaires, douleurs dorsales, douleurs lombaires, douleurs cervicales, hernie cervicale, hernie discale, arthrose, tendinite, d\u00e9chirure, syndrome du canal carpien, fracture, contracture, sciatique, douleurs pelviennes, crampes, spasmes musculaires, bronchites, cicatrisation et traitement des plaies, consolidation osseuse post-op\u00e9ratoire, r\u00e9g\u00e9n\u00e9ration cellulaire, c\u00e9phal\u00e9es de tension, migraine, mal de t\u00eate, ulc\u00e8res variqueux, \u0153d\u00e8mes, traumatismes du sportif.<\/td>\n<\/tr>\n<tr>\n<td><img decoding=\"async\" loading=\"lazy\" class=\"alignnone size-medium wp-image-22\" src=\"http:\/\/medecine-douce-drome.fr\/wp-content\/uploads\/2016\/02\/image022-300x265.png\" alt=\"image022\" width=\"100\" height=\"100\" \/><\/td>\n<td><strong><u>Troubles<\/u><\/strong> :Troubles du sommeil, insomnies, fatigue chronique, \u00e9tats d\u00e9pressifs, stress, surmenage (burnout), acouph\u00e8nes, incontinence, troubles de l&rsquo;appareil locomoteur, troubles respiratoires, troubles digestifs, troubles urinaires, troubles de la sensibilit\u00e9, nervosit\u00e9s et troubles du syst\u00e8me nerveux, d\u00e9s\u00e9quilibre \u00e9nerg\u00e9tique, allergies dermatologiques, asthme.<\/td>\n<\/tr>\n<\/tbody>\n<\/table>\n<p><img decoding=\"async\" loading=\"lazy\" class=\"size-medium wp-image-27 alignright\" src=\"http:\/\/medecine-douce-drome.fr\/wp-content\/uploads\/2016\/02\/image024-300x225.png\" alt=\"image024\" width=\"300\" height=\"225\" srcset=\"https:\/\/medecine-douce-drome.fr\/wp-content\/uploads\/2016\/02\/image024-300x225.png 300w, https:\/\/medecine-douce-drome.fr\/wp-content\/uploads\/2016\/02\/image024.png 500w\" sizes=\"(max-width: 300px) 100vw, 300px\" \/><br \/>\nLe dispositif de magn\u00e9toth\u00e9rapie se compose d&rsquo;une unit\u00e9 centrale de commande dont le r\u00f4le est de g\u00e9n\u00e9rer les champs magn\u00e9tiques puls\u00e9s, et d&rsquo;un ou plusieurs applicateurs qui vont servir \u00e0 diffuser ces champs magn\u00e9tiques sur le territoire \u00e0 traiter.<\/p>\n<p>Le g\u00e9n\u00e9rateur (unit\u00e9 centrale) int\u00e8gre diff\u00e9rents protocoles th\u00e9rapeutiques (plus de 109 indications) qui se distinguent par leur fr\u00e9quence (jusqu&rsquo;\u00e0 9999 Hz), leur intensit\u00e9 ou leur forme d&rsquo;impulsion. Chaque programme est destin\u00e9 \u00e0 traiter une pathologie, en stimulant les cellules de l&rsquo;organisme, en augmentant le d\u00e9bit du sang jusque dans les plus petits vaisseaux, et enrichissant les tissus en oxyg\u00e8ne.<\/p>\n<p>Possibilit\u00e9 de prise en charge par votre Mutuelle.<\/p>\n<p>Nos praticiens sont dipl\u00f4m\u00e9s d\u2019\u00e9tat en soins g\u00e9n\u00e9raux, psychiatriques et th\u00e9rapeutiques. <em><a href=\"http:\/\/medecine-douce-drome.fr\/?page_id=57\">(voir nos praticiens)<\/a><\/em><\/p>\n","protected":false},"excerpt":{"rendered":"<p>Les champs magn\u00e9tiques puls\u00e9s \u00e0 basse fr\u00e9quence, ou magn\u00e9toth\u00e9rapie, sont un moyen moderne de prendre soin de votre sant\u00e9 sans vous faire de mal.\u00a0 C\u2019est une aide pr\u00e9cieuse pour aider \u00e0 soulager les douleurs articulaires ou musculaires, apaiser les tensions, &hellip; <a href=\"https:\/\/medecine-douce-drome.fr\/?page_id=20\">Continuer la lecture <span class=\"meta-nav\">&rarr;<\/span><\/a><\/p>\n","protected":false},"author":2,"featured_media":0,"parent":0,"menu_order":0,"comment_status":"closed","ping_status":"closed","template":"onecolumn-page.php","meta":{"footnotes":""},"aioseo_notices":[],"_links":{"self":[{"href":"https:\/\/medecine-douce-drome.fr\/index.php?rest_route=\/wp\/v2\/pages\/20"}],"collection":[{"href":"https:\/\/medecine-douce-drome.fr\/index.php?rest_route=\/wp\/v2\/pages"}],"about":[{"href":"https:\/\/medecine-douce-drome.fr\/index.php?rest_route=\/wp\/v2\/types\/page"}],"author":[{"embeddable":true,"href":"https:\/\/medecine-douce-drome.fr\/index.php?rest_route=\/wp\/v2\/users\/2"}],"replies":[{"embeddable":true,"href":"https:\/\/medecine-douce-drome.fr\/index.php?rest_route=%2Fwp%2Fv2%2Fcomments&post=20"}],"version-history":[{"count":11,"href":"https:\/\/medecine-douce-drome.fr\/index.php?rest_route=\/wp\/v2\/pages\/20\/revisions"}],"predecessor-version":[{"id":143,"href":"https:\/\/medecine-douce-drome.fr\/index.php?rest_route=\/wp\/v2\/pages\/20\/revisions\/143"}],"wp:attachment":[{"href":"https:\/\/medecine-douce-drome.fr\/index.php?rest_route=%2Fwp%2Fv2%2Fmedia&parent=20"}],"curies":[{"name":"wp","href":"https:\/\/api.w.org\/{rel}","templated":true}]}}